{"id":36979,"date":"2020-07-18T23:38:39","date_gmt":"2020-07-18T21:38:39","guid":{"rendered":"https:\/\/wilgart.dk\/shop\/uncategorized\/large-leather-tray-bornholm-motif\/"},"modified":"2025-10-31T17:19:13","modified_gmt":"2025-10-31T15:19:13","slug":"leather-tray-bornholm-motif-large","status":"publish","type":"product","link":"https:\/\/wilgart.dk\/en\/shop\/leather-goods\/leather-tray-bornholm-motif-large\/","title":{"rendered":"Leather tray Bornholm motif (large)"},"content":{"rendered":"<p>Watch Ane Cecilie Mogensen read her book about the underground troll creatures from Bornholm. In the local dialect about the papercut rock island trolls.<\/p>\n<p><iframe loading=\"lazy\" title=\"Klappesnapsen, Haveeliksiren &amp; Den sorte Hankat 1.Del\" width=\"1170\" height=\"658\" src=\"https:\/\/www.youtube.com\/embed\/-evEgjU6VoU?feature=oembed\" frameborder=\"0\" allow=\"accelerometer; autoplay; clipboard-write; encrypted-media; gyroscope; picture-in-picture\" allowfullscreen><\/iframe><\/p>\n","protected":false},"excerpt":{"rendered":"<p>Inside size 15 x 22 cm Depth about 4 cm Vegetable tanned in T\u00e4rnsj\u00f6 Garveri, Sweden Handmade on Bornholm, Denmark Made on Soldalen This fine leather organizer is perfect to keep keys, pencils, glasses or coins at place. The product&hellip;<\/p>\n","protected":false},"featured_media":28712,"comment_status":"open","ping_status":"closed","template":"","meta":{"episode_type":"","audio_file":"","podmotor_file_id":"","podmotor_episode_id":"","cover_image":"","cover_image_id":"","duration":"","filesize":"","filesize_raw":"","date_recorded":"","explicit":"","block":"","itunes_episode_number":"","itunes_title":"","itunes_season_number":"","itunes_episode_type":""},"product_brand":[],"product_cat":[194],"product_tag":[],"class_list":{"0":"post-36979","1":"product","2":"type-product","3":"status-publish","4":"has-post-thumbnail","6":"product_cat-leather-goods","8":"first","9":"outofstock","10":"taxable","11":"shipping-taxable","12":"product-type-variable","13":"wpzoom-wc-spi-has-enabled","14":"wcspt-has-gallery","15":"thumb-no-effect","16":"prod-rating-on","17":"prod-has-rating"},"yoast_head":"<!-- This site is optimized with the Yoast SEO plugin v27.5 - https:\/\/yoast.com\/product\/yoast-seo-wordpress\/ -->\n<title>Leather tray Bornholm motif (large) - Wilgart<\/title>\n<meta name=\"description\" content=\"H\u00e5ndlavet Dansk Hovedbekl\u00e6dning. Hatte og kasketter fra K\u00f8benhavn. Alle st\u00f8rrelser til r\u00e5dighed, og kasketter laves efter m\u00e5l. Sixpence, Basecaps, Flatcaps, Newsboy caps, Sailorcaps, v\u00e6rkt\u00f8j til vedligeholdelse samt l\u00e6der tilbeh\u00f8r m.m. Skr\u00e6ddersyet - Kun til dig\" \/>\n<meta name=\"robots\" content=\"index, follow, max-snippet:-1, max-image-preview:large, max-video-preview:-1\" \/>\n<link rel=\"canonical\" href=\"https:\/\/wilgart.dk\/en\/shop\/leather-goods\/leather-tray-bornholm-motif-large\/\" \/>\n<meta property=\"og:locale\" content=\"en_US\" \/>\n<meta property=\"og:type\" content=\"article\" \/>\n<meta property=\"og:title\" content=\"Leather tray Bornholm motif (large) - Wilgart\" \/>\n<meta property=\"og:description\" content=\"H\u00e5ndlavet Dansk Hovedbekl\u00e6dning. Hatte og kasketter fra K\u00f8benhavn. Alle st\u00f8rrelser til r\u00e5dighed, og kasketter laves efter m\u00e5l. Sixpence, Basecaps, Flatcaps, Newsboy caps, Sailorcaps, v\u00e6rkt\u00f8j til vedligeholdelse samt l\u00e6der tilbeh\u00f8r m.m. Skr\u00e6ddersyet - Kun til dig\" \/>\n<meta property=\"og:url\" content=\"https:\/\/wilgart.dk\/en\/shop\/leather-goods\/leather-tray-bornholm-motif-large\/\" \/>\n<meta property=\"og:site_name\" content=\"Wilgart\" \/>\n<meta property=\"article:publisher\" content=\"https:\/\/www.facebook.com\/WILGART\/\" \/>\n<meta property=\"article:modified_time\" content=\"2025-10-31T15:19:13+00:00\" \/>\n<meta property=\"og:image\" content=\"https:\/\/wilgart.dk\/wp-content\/uploads\/2020\/07\/IMG_9902.jpg\" \/>\n\t<meta property=\"og:image:width\" content=\"1200\" \/>\n\t<meta property=\"og:image:height\" content=\"800\" \/>\n\t<meta property=\"og:image:type\" content=\"image\/jpeg\" \/>\n<meta name=\"twitter:card\" content=\"summary_large_image\" \/>\n<script type=\"application\/ld+json\" class=\"yoast-schema-graph\">{\"@context\":\"https:\\\/\\\/schema.org\",\"@graph\":[{\"@type\":[\"WebPage\",\"ItemPage\"],\"@id\":\"https:\\\/\\\/wilgart.dk\\\/en\\\/shop\\\/leather-goods\\\/leather-tray-bornholm-motif-large\\\/\",\"url\":\"https:\\\/\\\/wilgart.dk\\\/en\\\/shop\\\/leather-goods\\\/leather-tray-bornholm-motif-large\\\/\",\"name\":\"Leather tray Bornholm motif (large) - Wilgart\",\"isPartOf\":{\"@id\":\"https:\\\/\\\/wilgart.dk\\\/en\\\/#website\"},\"primaryImageOfPage\":{\"@id\":\"https:\\\/\\\/wilgart.dk\\\/en\\\/shop\\\/leather-goods\\\/leather-tray-bornholm-motif-large\\\/#primaryimage\"},\"image\":{\"@id\":\"https:\\\/\\\/wilgart.dk\\\/en\\\/shop\\\/leather-goods\\\/leather-tray-bornholm-motif-large\\\/#primaryimage\"},\"thumbnailUrl\":\"https:\\\/\\\/wilgart.dk\\\/wp-content\\\/uploads\\\/2020\\\/07\\\/IMG_9902.jpg\",\"datePublished\":\"2020-07-18T21:38:39+00:00\",\"dateModified\":\"2025-10-31T15:19:13+00:00\",\"description\":\"H\u00e5ndlavet Dansk Hovedbekl\u00e6dning. Hatte og kasketter fra K\u00f8benhavn. Alle st\u00f8rrelser til r\u00e5dighed, og kasketter laves efter m\u00e5l. Sixpence, Basecaps, Flatcaps, Newsboy caps, Sailorcaps, v\u00e6rkt\u00f8j til vedligeholdelse samt l\u00e6der tilbeh\u00f8r m.m. Skr\u00e6ddersyet - Kun til dig\",\"breadcrumb\":{\"@id\":\"https:\\\/\\\/wilgart.dk\\\/en\\\/shop\\\/leather-goods\\\/leather-tray-bornholm-motif-large\\\/#breadcrumb\"},\"inLanguage\":\"en-US\",\"potentialAction\":[{\"@type\":\"ReadAction\",\"target\":[\"https:\\\/\\\/wilgart.dk\\\/en\\\/shop\\\/leather-goods\\\/leather-tray-bornholm-motif-large\\\/\"]}]},{\"@type\":\"ImageObject\",\"inLanguage\":\"en-US\",\"@id\":\"https:\\\/\\\/wilgart.dk\\\/en\\\/shop\\\/leather-goods\\\/leather-tray-bornholm-motif-large\\\/#primaryimage\",\"url\":\"https:\\\/\\\/wilgart.dk\\\/wp-content\\\/uploads\\\/2020\\\/07\\\/IMG_9902.jpg\",\"contentUrl\":\"https:\\\/\\\/wilgart.dk\\\/wp-content\\\/uploads\\\/2020\\\/07\\\/IMG_9902.jpg\",\"width\":1200,\"height\":800},{\"@type\":\"BreadcrumbList\",\"@id\":\"https:\\\/\\\/wilgart.dk\\\/en\\\/shop\\\/leather-goods\\\/leather-tray-bornholm-motif-large\\\/#breadcrumb\",\"itemListElement\":[{\"@type\":\"ListItem\",\"position\":1,\"name\":\"Hjem\",\"item\":\"https:\\\/\\\/wilgart.dk\\\/en\\\/\"},{\"@type\":\"ListItem\",\"position\":2,\"name\":\"Shop\",\"item\":\"https:\\\/\\\/wilgart.dk\\\/en\\\/shop\\\/\"},{\"@type\":\"ListItem\",\"position\":3,\"name\":\"Leather tray Bornholm motif (large)\"}]},{\"@type\":\"WebSite\",\"@id\":\"https:\\\/\\\/wilgart.dk\\\/en\\\/#website\",\"url\":\"https:\\\/\\\/wilgart.dk\\\/en\\\/\",\"name\":\"Wilgart\",\"description\":\"H\u00e5ndlavet Dansk Hovedt\u00f8j\",\"publisher\":{\"@id\":\"https:\\\/\\\/wilgart.dk\\\/en\\\/#organization\"},\"potentialAction\":[{\"@type\":\"SearchAction\",\"target\":{\"@type\":\"EntryPoint\",\"urlTemplate\":\"https:\\\/\\\/wilgart.dk\\\/en\\\/?s={search_term_string}\"},\"query-input\":{\"@type\":\"PropertyValueSpecification\",\"valueRequired\":true,\"valueName\":\"search_term_string\"}}],\"inLanguage\":\"en-US\"},{\"@type\":\"Organization\",\"@id\":\"https:\\\/\\\/wilgart.dk\\\/en\\\/#organization\",\"name\":\"Wilgart - H\u00e5ndlavet Dansk Hovedt\u00f8j\",\"url\":\"https:\\\/\\\/wilgart.dk\\\/en\\\/\",\"logo\":{\"@type\":\"ImageObject\",\"inLanguage\":\"en-US\",\"@id\":\"https:\\\/\\\/wilgart.dk\\\/en\\\/#\\\/schema\\\/logo\\\/image\\\/\",\"url\":\"https:\\\/\\\/wilgart.dk\\\/wp-content\\\/uploads\\\/2016\\\/01\\\/wilgart-logo-illustration-site-icon.png\",\"contentUrl\":\"https:\\\/\\\/wilgart.dk\\\/wp-content\\\/uploads\\\/2016\\\/01\\\/wilgart-logo-illustration-site-icon.png\",\"width\":512,\"height\":512,\"caption\":\"Wilgart - H\u00e5ndlavet Dansk Hovedt\u00f8j\"},\"image\":{\"@id\":\"https:\\\/\\\/wilgart.dk\\\/en\\\/#\\\/schema\\\/logo\\\/image\\\/\"},\"sameAs\":[\"https:\\\/\\\/www.facebook.com\\\/WILGART\\\/\",\"https:\\\/\\\/www.instagram.com\\\/wilgart\\\/\",\"https:\\\/\\\/www.linkedin.com\\\/in\\\/wilgart\\\/\",\"https:\\\/\\\/www.youtube.com\\\/channel\\\/UCL6mFLtfkJZb3uYzCukGzjQ\"]}]}<\/script>\n<!-- \/ Yoast SEO plugin. -->","yoast_head_json":{"title":"Leather tray Bornholm motif (large) - Wilgart","description":"H\u00e5ndlavet Dansk Hovedbekl\u00e6dning. Hatte og kasketter fra K\u00f8benhavn. Alle st\u00f8rrelser til r\u00e5dighed, og kasketter laves efter m\u00e5l. Sixpence, Basecaps, Flatcaps, Newsboy caps, Sailorcaps, v\u00e6rkt\u00f8j til vedligeholdelse samt l\u00e6der tilbeh\u00f8r m.m. Skr\u00e6ddersyet - Kun til dig","robots":{"index":"index","follow":"follow","max-snippet":"max-snippet:-1","max-image-preview":"max-image-preview:large","max-video-preview":"max-video-preview:-1"},"canonical":"https:\/\/wilgart.dk\/en\/shop\/leather-goods\/leather-tray-bornholm-motif-large\/","og_locale":"en_US","og_type":"article","og_title":"Leather tray Bornholm motif (large) - Wilgart","og_description":"H\u00e5ndlavet Dansk Hovedbekl\u00e6dning. Hatte og kasketter fra K\u00f8benhavn. Alle st\u00f8rrelser til r\u00e5dighed, og kasketter laves efter m\u00e5l. Sixpence, Basecaps, Flatcaps, Newsboy caps, Sailorcaps, v\u00e6rkt\u00f8j til vedligeholdelse samt l\u00e6der tilbeh\u00f8r m.m. Skr\u00e6ddersyet - Kun til dig","og_url":"https:\/\/wilgart.dk\/en\/shop\/leather-goods\/leather-tray-bornholm-motif-large\/","og_site_name":"Wilgart","article_publisher":"https:\/\/www.facebook.com\/WILGART\/","article_modified_time":"2025-10-31T15:19:13+00:00","og_image":[{"width":1200,"height":800,"url":"https:\/\/wilgart.dk\/wp-content\/uploads\/2020\/07\/IMG_9902.jpg","type":"image\/jpeg"}],"twitter_card":"summary_large_image","schema":{"@context":"https:\/\/schema.org","@graph":[{"@type":["WebPage","ItemPage"],"@id":"https:\/\/wilgart.dk\/en\/shop\/leather-goods\/leather-tray-bornholm-motif-large\/","url":"https:\/\/wilgart.dk\/en\/shop\/leather-goods\/leather-tray-bornholm-motif-large\/","name":"Leather tray Bornholm motif (large) - Wilgart","isPartOf":{"@id":"https:\/\/wilgart.dk\/en\/#website"},"primaryImageOfPage":{"@id":"https:\/\/wilgart.dk\/en\/shop\/leather-goods\/leather-tray-bornholm-motif-large\/#primaryimage"},"image":{"@id":"https:\/\/wilgart.dk\/en\/shop\/leather-goods\/leather-tray-bornholm-motif-large\/#primaryimage"},"thumbnailUrl":"https:\/\/wilgart.dk\/wp-content\/uploads\/2020\/07\/IMG_9902.jpg","datePublished":"2020-07-18T21:38:39+00:00","dateModified":"2025-10-31T15:19:13+00:00","description":"H\u00e5ndlavet Dansk Hovedbekl\u00e6dning. Hatte og kasketter fra K\u00f8benhavn. Alle st\u00f8rrelser til r\u00e5dighed, og kasketter laves efter m\u00e5l. Sixpence, Basecaps, Flatcaps, Newsboy caps, Sailorcaps, v\u00e6rkt\u00f8j til vedligeholdelse samt l\u00e6der tilbeh\u00f8r m.m. Skr\u00e6ddersyet - Kun til dig","breadcrumb":{"@id":"https:\/\/wilgart.dk\/en\/shop\/leather-goods\/leather-tray-bornholm-motif-large\/#breadcrumb"},"inLanguage":"en-US","potentialAction":[{"@type":"ReadAction","target":["https:\/\/wilgart.dk\/en\/shop\/leather-goods\/leather-tray-bornholm-motif-large\/"]}]},{"@type":"ImageObject","inLanguage":"en-US","@id":"https:\/\/wilgart.dk\/en\/shop\/leather-goods\/leather-tray-bornholm-motif-large\/#primaryimage","url":"https:\/\/wilgart.dk\/wp-content\/uploads\/2020\/07\/IMG_9902.jpg","contentUrl":"https:\/\/wilgart.dk\/wp-content\/uploads\/2020\/07\/IMG_9902.jpg","width":1200,"height":800},{"@type":"BreadcrumbList","@id":"https:\/\/wilgart.dk\/en\/shop\/leather-goods\/leather-tray-bornholm-motif-large\/#breadcrumb","itemListElement":[{"@type":"ListItem","position":1,"name":"Hjem","item":"https:\/\/wilgart.dk\/en\/"},{"@type":"ListItem","position":2,"name":"Shop","item":"https:\/\/wilgart.dk\/en\/shop\/"},{"@type":"ListItem","position":3,"name":"Leather tray Bornholm motif (large)"}]},{"@type":"WebSite","@id":"https:\/\/wilgart.dk\/en\/#website","url":"https:\/\/wilgart.dk\/en\/","name":"Wilgart","description":"H\u00e5ndlavet Dansk Hovedt\u00f8j","publisher":{"@id":"https:\/\/wilgart.dk\/en\/#organization"},"potentialAction":[{"@type":"SearchAction","target":{"@type":"EntryPoint","urlTemplate":"https:\/\/wilgart.dk\/en\/?s={search_term_string}"},"query-input":{"@type":"PropertyValueSpecification","valueRequired":true,"valueName":"search_term_string"}}],"inLanguage":"en-US"},{"@type":"Organization","@id":"https:\/\/wilgart.dk\/en\/#organization","name":"Wilgart - H\u00e5ndlavet Dansk Hovedt\u00f8j","url":"https:\/\/wilgart.dk\/en\/","logo":{"@type":"ImageObject","inLanguage":"en-US","@id":"https:\/\/wilgart.dk\/en\/#\/schema\/logo\/image\/","url":"https:\/\/wilgart.dk\/wp-content\/uploads\/2016\/01\/wilgart-logo-illustration-site-icon.png","contentUrl":"https:\/\/wilgart.dk\/wp-content\/uploads\/2016\/01\/wilgart-logo-illustration-site-icon.png","width":512,"height":512,"caption":"Wilgart - H\u00e5ndlavet Dansk Hovedt\u00f8j"},"image":{"@id":"https:\/\/wilgart.dk\/en\/#\/schema\/logo\/image\/"},"sameAs":["https:\/\/www.facebook.com\/WILGART\/","https:\/\/www.instagram.com\/wilgart\/","https:\/\/www.linkedin.com\/in\/wilgart\/","https:\/\/www.youtube.com\/channel\/UCL6mFLtfkJZb3uYzCukGzjQ"]}]}},"_links":{"self":[{"href":"https:\/\/wilgart.dk\/en\/wp-json\/wp\/v2\/product\/36979","targetHints":{"allow":["GET"]}}],"collection":[{"href":"https:\/\/wilgart.dk\/en\/wp-json\/wp\/v2\/product"}],"about":[{"href":"https:\/\/wilgart.dk\/en\/wp-json\/wp\/v2\/types\/product"}],"replies":[{"embeddable":true,"href":"https:\/\/wilgart.dk\/en\/wp-json\/wp\/v2\/comments?post=36979"}],"wp:featuredmedia":[{"embeddable":true,"href":"https:\/\/wilgart.dk\/en\/wp-json\/wp\/v2\/media\/28712"}],"wp:attachment":[{"href":"https:\/\/wilgart.dk\/en\/wp-json\/wp\/v2\/media?parent=36979"}],"wp:term":[{"taxonomy":"product_brand","embeddable":true,"href":"https:\/\/wilgart.dk\/en\/wp-json\/wp\/v2\/product_brand?post=36979"},{"taxonomy":"product_cat","embeddable":true,"href":"https:\/\/wilgart.dk\/en\/wp-json\/wp\/v2\/product_cat?post=36979"},{"taxonomy":"product_tag","embeddable":true,"href":"https:\/\/wilgart.dk\/en\/wp-json\/wp\/v2\/product_tag?post=36979"}],"curies":[{"name":"wp","href":"https:\/\/api.w.org\/{rel}","templated":true}]}}