{"id":35769,"date":"2021-09-07T15:00:27","date_gmt":"2021-09-07T13:00:27","guid":{"rendered":"https:\/\/wilgart.dk\/shop\/uncategorized\/strider-patchwork-tweed-eightpiece\/"},"modified":"2025-10-31T17:01:19","modified_gmt":"2025-10-31T15:01:19","slug":"strider-patchwork-woolen-eightpiece","status":"publish","type":"product","link":"https:\/\/wilgart.dk\/en\/shop\/eightpieces\/strider-patchwork-woolen-eightpiece\/","title":{"rendered":"Strider patchwork wool Eightpiece"},"content":{"rendered":"<p>Handmade in Germany by Herr Bullmann of Bullani M\u00fctzen. A family-run business specializing in sewing caps. Our hat shop only has goods from my master Herr Bullmann, as well as from our own Danish cap and hat production on Bornholm.<\/p>\n","protected":false},"excerpt":{"rendered":"<p>100% Harris Tweed Cotton linings Top quality cap Pattern may vary from image Eightpiece cap, also called bakerboy or Newsboy cap, which is slightly narrower than our other selected eightpieces. All panels are of different Harris Tweed fabrics, with brown,&hellip;<\/p>\n","protected":false},"featured_media":35600,"comment_status":"open","ping_status":"closed","template":"","meta":{"episode_type":"","audio_file":"","podmotor_file_id":"","podmotor_episode_id":"","cover_image":"","cover_image_id":"","duration":"","filesize":"","filesize_raw":"","date_recorded":"","explicit":"","block":"","itunes_episode_number":"","itunes_title":"","itunes_season_number":"","itunes_episode_type":""},"product_brand":[],"product_cat":[477,455],"product_tag":[],"class_list":{"0":"post-35769","1":"product","2":"type-product","3":"status-publish","4":"has-post-thumbnail","6":"product_cat-early-days-look","7":"product_cat-eightpieces","8":"pa_lining-cotton-lining","9":"pa_stoerrelse-54-cm","10":"pa_stoerrelse-55-cm","11":"pa_stoerrelse-56-cm","12":"pa_stoerrelse-57-cm","13":"pa_stoerrelse-58-cm","14":"pa_stoerrelse-59-cm","15":"pa_stoerrelse-60-cm","16":"pa_stoerrelse-61-cm","17":"pa_stoerrelse-62-cm","18":"pa_stoerrelse-63-cm","19":"pa_stoerrelse-64-cm","21":"first","22":"instock","23":"taxable","24":"shipping-taxable","25":"purchasable","26":"product-type-variable","27":"wpzoom-wc-spi-has-enabled","28":"wcspt-has-gallery","29":"thumb-no-effect","30":"prod-rating-on","31":"prod-has-rating"},"yoast_head":"<!-- This site is optimized with the Yoast SEO plugin v27.5 - https:\/\/yoast.com\/product\/yoast-seo-wordpress\/ -->\n<title>Strider patchwork wool Eightpiece - Wilgart<\/title>\n<meta name=\"description\" content=\"H\u00e5ndlavet Dansk Hovedbekl\u00e6dning. Hatte og kasketter fra K\u00f8benhavn. Alle st\u00f8rrelser til r\u00e5dighed, og kasketter laves efter m\u00e5l. Sixpence, Basecaps, Flatcaps, Newsboy caps, Sailorcaps, v\u00e6rkt\u00f8j til vedligeholdelse samt l\u00e6der tilbeh\u00f8r m.m. Skr\u00e6ddersyet - Kun til dig\" \/>\n<meta name=\"robots\" content=\"index, follow, max-snippet:-1, max-image-preview:large, max-video-preview:-1\" \/>\n<link rel=\"canonical\" href=\"https:\/\/wilgart.dk\/en\/shop\/eightpieces\/strider-patchwork-woolen-eightpiece\/\" \/>\n<meta property=\"og:locale\" content=\"en_US\" \/>\n<meta property=\"og:type\" content=\"article\" \/>\n<meta property=\"og:title\" content=\"Strider patchwork wool Eightpiece - Wilgart\" \/>\n<meta property=\"og:description\" content=\"H\u00e5ndlavet Dansk Hovedbekl\u00e6dning. Hatte og kasketter fra K\u00f8benhavn. Alle st\u00f8rrelser til r\u00e5dighed, og kasketter laves efter m\u00e5l. Sixpence, Basecaps, Flatcaps, Newsboy caps, Sailorcaps, v\u00e6rkt\u00f8j til vedligeholdelse samt l\u00e6der tilbeh\u00f8r m.m. Skr\u00e6ddersyet - Kun til dig\" \/>\n<meta property=\"og:url\" content=\"https:\/\/wilgart.dk\/en\/shop\/eightpieces\/strider-patchwork-woolen-eightpiece\/\" \/>\n<meta property=\"og:site_name\" content=\"Wilgart\" \/>\n<meta property=\"article:publisher\" content=\"https:\/\/www.facebook.com\/WILGART\/\" \/>\n<meta property=\"article:modified_time\" content=\"2025-10-31T15:01:19+00:00\" \/>\n<meta property=\"og:image\" content=\"https:\/\/wilgart.dk\/wp-content\/uploads\/2021\/09\/IMG_5157.jpg\" \/>\n\t<meta property=\"og:image:width\" content=\"1200\" \/>\n\t<meta property=\"og:image:height\" content=\"800\" \/>\n\t<meta property=\"og:image:type\" content=\"image\/jpeg\" \/>\n<meta name=\"twitter:card\" content=\"summary_large_image\" \/>\n<script type=\"application\/ld+json\" class=\"yoast-schema-graph\">{\"@context\":\"https:\\\/\\\/schema.org\",\"@graph\":[{\"@type\":[\"WebPage\",\"ItemPage\"],\"@id\":\"https:\\\/\\\/wilgart.dk\\\/en\\\/shop\\\/eightpieces\\\/strider-patchwork-woolen-eightpiece\\\/\",\"url\":\"https:\\\/\\\/wilgart.dk\\\/en\\\/shop\\\/eightpieces\\\/strider-patchwork-woolen-eightpiece\\\/\",\"name\":\"Strider patchwork wool Eightpiece - Wilgart\",\"isPartOf\":{\"@id\":\"https:\\\/\\\/wilgart.dk\\\/en\\\/#website\"},\"primaryImageOfPage\":{\"@id\":\"https:\\\/\\\/wilgart.dk\\\/en\\\/shop\\\/eightpieces\\\/strider-patchwork-woolen-eightpiece\\\/#primaryimage\"},\"image\":{\"@id\":\"https:\\\/\\\/wilgart.dk\\\/en\\\/shop\\\/eightpieces\\\/strider-patchwork-woolen-eightpiece\\\/#primaryimage\"},\"thumbnailUrl\":\"https:\\\/\\\/wilgart.dk\\\/wp-content\\\/uploads\\\/2021\\\/09\\\/IMG_5157.jpg\",\"datePublished\":\"2021-09-07T13:00:27+00:00\",\"dateModified\":\"2025-10-31T15:01:19+00:00\",\"description\":\"H\u00e5ndlavet Dansk Hovedbekl\u00e6dning. Hatte og kasketter fra K\u00f8benhavn. Alle st\u00f8rrelser til r\u00e5dighed, og kasketter laves efter m\u00e5l. Sixpence, Basecaps, Flatcaps, Newsboy caps, Sailorcaps, v\u00e6rkt\u00f8j til vedligeholdelse samt l\u00e6der tilbeh\u00f8r m.m. Skr\u00e6ddersyet - Kun til dig\",\"breadcrumb\":{\"@id\":\"https:\\\/\\\/wilgart.dk\\\/en\\\/shop\\\/eightpieces\\\/strider-patchwork-woolen-eightpiece\\\/#breadcrumb\"},\"inLanguage\":\"en-US\",\"potentialAction\":[{\"@type\":\"ReadAction\",\"target\":[\"https:\\\/\\\/wilgart.dk\\\/en\\\/shop\\\/eightpieces\\\/strider-patchwork-woolen-eightpiece\\\/\"]}]},{\"@type\":\"ImageObject\",\"inLanguage\":\"en-US\",\"@id\":\"https:\\\/\\\/wilgart.dk\\\/en\\\/shop\\\/eightpieces\\\/strider-patchwork-woolen-eightpiece\\\/#primaryimage\",\"url\":\"https:\\\/\\\/wilgart.dk\\\/wp-content\\\/uploads\\\/2021\\\/09\\\/IMG_5157.jpg\",\"contentUrl\":\"https:\\\/\\\/wilgart.dk\\\/wp-content\\\/uploads\\\/2021\\\/09\\\/IMG_5157.jpg\",\"width\":1200,\"height\":800},{\"@type\":\"BreadcrumbList\",\"@id\":\"https:\\\/\\\/wilgart.dk\\\/en\\\/shop\\\/eightpieces\\\/strider-patchwork-woolen-eightpiece\\\/#breadcrumb\",\"itemListElement\":[{\"@type\":\"ListItem\",\"position\":1,\"name\":\"Hjem\",\"item\":\"https:\\\/\\\/wilgart.dk\\\/en\\\/\"},{\"@type\":\"ListItem\",\"position\":2,\"name\":\"Shop\",\"item\":\"https:\\\/\\\/wilgart.dk\\\/en\\\/shop\\\/\"},{\"@type\":\"ListItem\",\"position\":3,\"name\":\"Strider patchwork wool Eightpiece\"}]},{\"@type\":\"WebSite\",\"@id\":\"https:\\\/\\\/wilgart.dk\\\/en\\\/#website\",\"url\":\"https:\\\/\\\/wilgart.dk\\\/en\\\/\",\"name\":\"Wilgart\",\"description\":\"H\u00e5ndlavet Dansk Hovedt\u00f8j\",\"publisher\":{\"@id\":\"https:\\\/\\\/wilgart.dk\\\/en\\\/#organization\"},\"potentialAction\":[{\"@type\":\"SearchAction\",\"target\":{\"@type\":\"EntryPoint\",\"urlTemplate\":\"https:\\\/\\\/wilgart.dk\\\/en\\\/?s={search_term_string}\"},\"query-input\":{\"@type\":\"PropertyValueSpecification\",\"valueRequired\":true,\"valueName\":\"search_term_string\"}}],\"inLanguage\":\"en-US\"},{\"@type\":\"Organization\",\"@id\":\"https:\\\/\\\/wilgart.dk\\\/en\\\/#organization\",\"name\":\"Wilgart - H\u00e5ndlavet Dansk Hovedt\u00f8j\",\"url\":\"https:\\\/\\\/wilgart.dk\\\/en\\\/\",\"logo\":{\"@type\":\"ImageObject\",\"inLanguage\":\"en-US\",\"@id\":\"https:\\\/\\\/wilgart.dk\\\/en\\\/#\\\/schema\\\/logo\\\/image\\\/\",\"url\":\"https:\\\/\\\/wilgart.dk\\\/wp-content\\\/uploads\\\/2016\\\/01\\\/wilgart-logo-illustration-site-icon.png\",\"contentUrl\":\"https:\\\/\\\/wilgart.dk\\\/wp-content\\\/uploads\\\/2016\\\/01\\\/wilgart-logo-illustration-site-icon.png\",\"width\":512,\"height\":512,\"caption\":\"Wilgart - H\u00e5ndlavet Dansk Hovedt\u00f8j\"},\"image\":{\"@id\":\"https:\\\/\\\/wilgart.dk\\\/en\\\/#\\\/schema\\\/logo\\\/image\\\/\"},\"sameAs\":[\"https:\\\/\\\/www.facebook.com\\\/WILGART\\\/\",\"https:\\\/\\\/www.instagram.com\\\/wilgart\\\/\",\"https:\\\/\\\/www.linkedin.com\\\/in\\\/wilgart\\\/\",\"https:\\\/\\\/www.youtube.com\\\/channel\\\/UCL6mFLtfkJZb3uYzCukGzjQ\"]}]}<\/script>\n<!-- \/ Yoast SEO plugin. -->","yoast_head_json":{"title":"Strider patchwork wool Eightpiece - Wilgart","description":"H\u00e5ndlavet Dansk Hovedbekl\u00e6dning. Hatte og kasketter fra K\u00f8benhavn. Alle st\u00f8rrelser til r\u00e5dighed, og kasketter laves efter m\u00e5l. Sixpence, Basecaps, Flatcaps, Newsboy caps, Sailorcaps, v\u00e6rkt\u00f8j til vedligeholdelse samt l\u00e6der tilbeh\u00f8r m.m. Skr\u00e6ddersyet - Kun til dig","robots":{"index":"index","follow":"follow","max-snippet":"max-snippet:-1","max-image-preview":"max-image-preview:large","max-video-preview":"max-video-preview:-1"},"canonical":"https:\/\/wilgart.dk\/en\/shop\/eightpieces\/strider-patchwork-woolen-eightpiece\/","og_locale":"en_US","og_type":"article","og_title":"Strider patchwork wool Eightpiece - Wilgart","og_description":"H\u00e5ndlavet Dansk Hovedbekl\u00e6dning. Hatte og kasketter fra K\u00f8benhavn. Alle st\u00f8rrelser til r\u00e5dighed, og kasketter laves efter m\u00e5l. Sixpence, Basecaps, Flatcaps, Newsboy caps, Sailorcaps, v\u00e6rkt\u00f8j til vedligeholdelse samt l\u00e6der tilbeh\u00f8r m.m. Skr\u00e6ddersyet - Kun til dig","og_url":"https:\/\/wilgart.dk\/en\/shop\/eightpieces\/strider-patchwork-woolen-eightpiece\/","og_site_name":"Wilgart","article_publisher":"https:\/\/www.facebook.com\/WILGART\/","article_modified_time":"2025-10-31T15:01:19+00:00","og_image":[{"width":1200,"height":800,"url":"https:\/\/wilgart.dk\/wp-content\/uploads\/2021\/09\/IMG_5157.jpg","type":"image\/jpeg"}],"twitter_card":"summary_large_image","schema":{"@context":"https:\/\/schema.org","@graph":[{"@type":["WebPage","ItemPage"],"@id":"https:\/\/wilgart.dk\/en\/shop\/eightpieces\/strider-patchwork-woolen-eightpiece\/","url":"https:\/\/wilgart.dk\/en\/shop\/eightpieces\/strider-patchwork-woolen-eightpiece\/","name":"Strider patchwork wool Eightpiece - Wilgart","isPartOf":{"@id":"https:\/\/wilgart.dk\/en\/#website"},"primaryImageOfPage":{"@id":"https:\/\/wilgart.dk\/en\/shop\/eightpieces\/strider-patchwork-woolen-eightpiece\/#primaryimage"},"image":{"@id":"https:\/\/wilgart.dk\/en\/shop\/eightpieces\/strider-patchwork-woolen-eightpiece\/#primaryimage"},"thumbnailUrl":"https:\/\/wilgart.dk\/wp-content\/uploads\/2021\/09\/IMG_5157.jpg","datePublished":"2021-09-07T13:00:27+00:00","dateModified":"2025-10-31T15:01:19+00:00","description":"H\u00e5ndlavet Dansk Hovedbekl\u00e6dning. Hatte og kasketter fra K\u00f8benhavn. Alle st\u00f8rrelser til r\u00e5dighed, og kasketter laves efter m\u00e5l. Sixpence, Basecaps, Flatcaps, Newsboy caps, Sailorcaps, v\u00e6rkt\u00f8j til vedligeholdelse samt l\u00e6der tilbeh\u00f8r m.m. Skr\u00e6ddersyet - Kun til dig","breadcrumb":{"@id":"https:\/\/wilgart.dk\/en\/shop\/eightpieces\/strider-patchwork-woolen-eightpiece\/#breadcrumb"},"inLanguage":"en-US","potentialAction":[{"@type":"ReadAction","target":["https:\/\/wilgart.dk\/en\/shop\/eightpieces\/strider-patchwork-woolen-eightpiece\/"]}]},{"@type":"ImageObject","inLanguage":"en-US","@id":"https:\/\/wilgart.dk\/en\/shop\/eightpieces\/strider-patchwork-woolen-eightpiece\/#primaryimage","url":"https:\/\/wilgart.dk\/wp-content\/uploads\/2021\/09\/IMG_5157.jpg","contentUrl":"https:\/\/wilgart.dk\/wp-content\/uploads\/2021\/09\/IMG_5157.jpg","width":1200,"height":800},{"@type":"BreadcrumbList","@id":"https:\/\/wilgart.dk\/en\/shop\/eightpieces\/strider-patchwork-woolen-eightpiece\/#breadcrumb","itemListElement":[{"@type":"ListItem","position":1,"name":"Hjem","item":"https:\/\/wilgart.dk\/en\/"},{"@type":"ListItem","position":2,"name":"Shop","item":"https:\/\/wilgart.dk\/en\/shop\/"},{"@type":"ListItem","position":3,"name":"Strider patchwork wool Eightpiece"}]},{"@type":"WebSite","@id":"https:\/\/wilgart.dk\/en\/#website","url":"https:\/\/wilgart.dk\/en\/","name":"Wilgart","description":"H\u00e5ndlavet Dansk Hovedt\u00f8j","publisher":{"@id":"https:\/\/wilgart.dk\/en\/#organization"},"potentialAction":[{"@type":"SearchAction","target":{"@type":"EntryPoint","urlTemplate":"https:\/\/wilgart.dk\/en\/?s={search_term_string}"},"query-input":{"@type":"PropertyValueSpecification","valueRequired":true,"valueName":"search_term_string"}}],"inLanguage":"en-US"},{"@type":"Organization","@id":"https:\/\/wilgart.dk\/en\/#organization","name":"Wilgart - H\u00e5ndlavet Dansk Hovedt\u00f8j","url":"https:\/\/wilgart.dk\/en\/","logo":{"@type":"ImageObject","inLanguage":"en-US","@id":"https:\/\/wilgart.dk\/en\/#\/schema\/logo\/image\/","url":"https:\/\/wilgart.dk\/wp-content\/uploads\/2016\/01\/wilgart-logo-illustration-site-icon.png","contentUrl":"https:\/\/wilgart.dk\/wp-content\/uploads\/2016\/01\/wilgart-logo-illustration-site-icon.png","width":512,"height":512,"caption":"Wilgart - H\u00e5ndlavet Dansk Hovedt\u00f8j"},"image":{"@id":"https:\/\/wilgart.dk\/en\/#\/schema\/logo\/image\/"},"sameAs":["https:\/\/www.facebook.com\/WILGART\/","https:\/\/www.instagram.com\/wilgart\/","https:\/\/www.linkedin.com\/in\/wilgart\/","https:\/\/www.youtube.com\/channel\/UCL6mFLtfkJZb3uYzCukGzjQ"]}]}},"_links":{"self":[{"href":"https:\/\/wilgart.dk\/en\/wp-json\/wp\/v2\/product\/35769","targetHints":{"allow":["GET"]}}],"collection":[{"href":"https:\/\/wilgart.dk\/en\/wp-json\/wp\/v2\/product"}],"about":[{"href":"https:\/\/wilgart.dk\/en\/wp-json\/wp\/v2\/types\/product"}],"replies":[{"embeddable":true,"href":"https:\/\/wilgart.dk\/en\/wp-json\/wp\/v2\/comments?post=35769"}],"wp:featuredmedia":[{"embeddable":true,"href":"https:\/\/wilgart.dk\/en\/wp-json\/wp\/v2\/media\/35600"}],"wp:attachment":[{"href":"https:\/\/wilgart.dk\/en\/wp-json\/wp\/v2\/media?parent=35769"}],"wp:term":[{"taxonomy":"product_brand","embeddable":true,"href":"https:\/\/wilgart.dk\/en\/wp-json\/wp\/v2\/product_brand?post=35769"},{"taxonomy":"product_cat","embeddable":true,"href":"https:\/\/wilgart.dk\/en\/wp-json\/wp\/v2\/product_cat?post=35769"},{"taxonomy":"product_tag","embeddable":true,"href":"https:\/\/wilgart.dk\/en\/wp-json\/wp\/v2\/product_tag?post=35769"}],"curies":[{"name":"wp","href":"https:\/\/api.w.org\/{rel}","templated":true}]}}