{"id":34196,"date":"2019-11-25T16:20:33","date_gmt":"2019-11-25T14:20:33","guid":{"rendered":"https:\/\/wilgart.dk\/shop\/uncategorized\/captain-skipper-cap-blue-wool\/"},"modified":"2025-02-14T13:58:25","modified_gmt":"2025-02-14T11:58:25","slug":"captain-skipper-cap-blue-wool","status":"publish","type":"product","link":"https:\/\/wilgart.dk\/en\/shop\/early-days-look\/captain-skipper-cap-blue-wool\/","title":{"rendered":"Captain Skipper cap (blue wool)"},"content":{"rendered":"<p>This classic Elbsegler, or Captain cap, is for marine people a &#8216;must have&#8217;. Handmade according to true capmaking traditions, in a wool quality that remains fine and usable for many years.<\/p>\n","protected":false},"excerpt":{"rendered":"<p>100% Wool Lodenfabric from Gebr. Mehler Tuchfabrik Smooth leather shade Skipper details Cotton lining Handmade by Master Herr Bullmann in Germany A real Captain cap, made of 100% pure new wool, with string and buttons. The dark navy blue color&hellip;<\/p>\n","protected":false},"featured_media":31983,"comment_status":"open","ping_status":"closed","template":"","meta":{"episode_type":"","audio_file":"","podmotor_file_id":"","podmotor_episode_id":"","cover_image":"","cover_image_id":"","duration":"","filesize":"","filesize_raw":"","date_recorded":"","explicit":"","block":"","itunes_episode_number":"","itunes_title":"","itunes_season_number":"","itunes_episode_type":""},"product_brand":[],"product_cat":[477],"product_tag":[],"class_list":{"0":"post-34196","1":"product","2":"type-product","3":"status-publish","4":"has-post-thumbnail","6":"product_cat-early-days-look","7":"pa_fabric-wool","8":"pa_lining-cotton-lining","9":"pa_stoerrelse-54-cm","10":"pa_stoerrelse-55-cm","11":"pa_stoerrelse-56-cm","12":"pa_stoerrelse-57-cm","13":"pa_stoerrelse-58-cm","14":"pa_stoerrelse-59-cm","15":"pa_stoerrelse-60-cm","16":"pa_stoerrelse-61-cm","17":"pa_stoerrelse-62-cm","18":"pa_stoerrelse-63-cm","19":"pa_stoerrelse-64-cm","21":"first","22":"instock","23":"taxable","24":"shipping-taxable","25":"purchasable","26":"product-type-variable","27":"wpzoom-wc-spi-has-enabled","28":"wcspt-has-gallery","29":"thumb-no-effect","30":"prod-rating-on","31":"prod-has-rating"},"yoast_head":"<!-- This site is optimized with the Yoast SEO plugin v27.5 - https:\/\/yoast.com\/product\/yoast-seo-wordpress\/ -->\n<title>Captain Skipper cap (blue wool) - Wilgart<\/title>\n<meta name=\"description\" content=\"H\u00e5ndlavet Dansk Hovedbekl\u00e6dning. Hatte og kasketter fra K\u00f8benhavn. Alle st\u00f8rrelser til r\u00e5dighed, og kasketter laves efter m\u00e5l. Sixpence, Basecaps, Flatcaps, Newsboy caps, Sailorcaps, v\u00e6rkt\u00f8j til vedligeholdelse samt l\u00e6der tilbeh\u00f8r m.m. Skr\u00e6ddersyet - Kun til dig\" \/>\n<meta name=\"robots\" content=\"index, follow, max-snippet:-1, max-image-preview:large, max-video-preview:-1\" \/>\n<link rel=\"canonical\" href=\"https:\/\/wilgart.dk\/en\/shop\/early-days-look\/captain-skipper-cap-blue-wool\/\" \/>\n<meta property=\"og:locale\" content=\"en_US\" \/>\n<meta property=\"og:type\" content=\"article\" \/>\n<meta property=\"og:title\" content=\"Captain Skipper cap (blue wool) - Wilgart\" \/>\n<meta property=\"og:description\" content=\"H\u00e5ndlavet Dansk Hovedbekl\u00e6dning. Hatte og kasketter fra K\u00f8benhavn. Alle st\u00f8rrelser til r\u00e5dighed, og kasketter laves efter m\u00e5l. Sixpence, Basecaps, Flatcaps, Newsboy caps, Sailorcaps, v\u00e6rkt\u00f8j til vedligeholdelse samt l\u00e6der tilbeh\u00f8r m.m. Skr\u00e6ddersyet - Kun til dig\" \/>\n<meta property=\"og:url\" content=\"https:\/\/wilgart.dk\/en\/shop\/early-days-look\/captain-skipper-cap-blue-wool\/\" \/>\n<meta property=\"og:site_name\" content=\"Wilgart\" \/>\n<meta property=\"article:publisher\" content=\"https:\/\/www.facebook.com\/WILGART\/\" \/>\n<meta property=\"article:modified_time\" content=\"2025-02-14T11:58:25+00:00\" \/>\n<meta property=\"og:image\" content=\"https:\/\/wilgart.dk\/wp-content\/uploads\/2019\/11\/IMG_0958.jpg\" \/>\n\t<meta property=\"og:image:width\" content=\"1200\" \/>\n\t<meta property=\"og:image:height\" content=\"800\" \/>\n\t<meta property=\"og:image:type\" content=\"image\/jpeg\" \/>\n<meta name=\"twitter:card\" content=\"summary_large_image\" \/>\n<script type=\"application\/ld+json\" class=\"yoast-schema-graph\">{\"@context\":\"https:\\\/\\\/schema.org\",\"@graph\":[{\"@type\":[\"WebPage\",\"ItemPage\"],\"@id\":\"https:\\\/\\\/wilgart.dk\\\/en\\\/shop\\\/early-days-look\\\/captain-skipper-cap-blue-wool\\\/\",\"url\":\"https:\\\/\\\/wilgart.dk\\\/en\\\/shop\\\/early-days-look\\\/captain-skipper-cap-blue-wool\\\/\",\"name\":\"Captain Skipper cap (blue wool) - Wilgart\",\"isPartOf\":{\"@id\":\"https:\\\/\\\/wilgart.dk\\\/en\\\/#website\"},\"primaryImageOfPage\":{\"@id\":\"https:\\\/\\\/wilgart.dk\\\/en\\\/shop\\\/early-days-look\\\/captain-skipper-cap-blue-wool\\\/#primaryimage\"},\"image\":{\"@id\":\"https:\\\/\\\/wilgart.dk\\\/en\\\/shop\\\/early-days-look\\\/captain-skipper-cap-blue-wool\\\/#primaryimage\"},\"thumbnailUrl\":\"https:\\\/\\\/wilgart.dk\\\/wp-content\\\/uploads\\\/2019\\\/11\\\/IMG_0958.jpg\",\"datePublished\":\"2019-11-25T14:20:33+00:00\",\"dateModified\":\"2025-02-14T11:58:25+00:00\",\"description\":\"H\u00e5ndlavet Dansk Hovedbekl\u00e6dning. Hatte og kasketter fra K\u00f8benhavn. Alle st\u00f8rrelser til r\u00e5dighed, og kasketter laves efter m\u00e5l. Sixpence, Basecaps, Flatcaps, Newsboy caps, Sailorcaps, v\u00e6rkt\u00f8j til vedligeholdelse samt l\u00e6der tilbeh\u00f8r m.m. Skr\u00e6ddersyet - Kun til dig\",\"breadcrumb\":{\"@id\":\"https:\\\/\\\/wilgart.dk\\\/en\\\/shop\\\/early-days-look\\\/captain-skipper-cap-blue-wool\\\/#breadcrumb\"},\"inLanguage\":\"en-US\",\"potentialAction\":[{\"@type\":\"ReadAction\",\"target\":[\"https:\\\/\\\/wilgart.dk\\\/en\\\/shop\\\/early-days-look\\\/captain-skipper-cap-blue-wool\\\/\"]}]},{\"@type\":\"ImageObject\",\"inLanguage\":\"en-US\",\"@id\":\"https:\\\/\\\/wilgart.dk\\\/en\\\/shop\\\/early-days-look\\\/captain-skipper-cap-blue-wool\\\/#primaryimage\",\"url\":\"https:\\\/\\\/wilgart.dk\\\/wp-content\\\/uploads\\\/2019\\\/11\\\/IMG_0958.jpg\",\"contentUrl\":\"https:\\\/\\\/wilgart.dk\\\/wp-content\\\/uploads\\\/2019\\\/11\\\/IMG_0958.jpg\",\"width\":1200,\"height\":800},{\"@type\":\"BreadcrumbList\",\"@id\":\"https:\\\/\\\/wilgart.dk\\\/en\\\/shop\\\/early-days-look\\\/captain-skipper-cap-blue-wool\\\/#breadcrumb\",\"itemListElement\":[{\"@type\":\"ListItem\",\"position\":1,\"name\":\"Hjem\",\"item\":\"https:\\\/\\\/wilgart.dk\\\/en\\\/\"},{\"@type\":\"ListItem\",\"position\":2,\"name\":\"Shop\",\"item\":\"https:\\\/\\\/wilgart.dk\\\/en\\\/shop\\\/\"},{\"@type\":\"ListItem\",\"position\":3,\"name\":\"Captain Skipper cap (blue wool)\"}]},{\"@type\":\"WebSite\",\"@id\":\"https:\\\/\\\/wilgart.dk\\\/en\\\/#website\",\"url\":\"https:\\\/\\\/wilgart.dk\\\/en\\\/\",\"name\":\"Wilgart\",\"description\":\"H\u00e5ndlavet Dansk Hovedt\u00f8j\",\"publisher\":{\"@id\":\"https:\\\/\\\/wilgart.dk\\\/en\\\/#organization\"},\"potentialAction\":[{\"@type\":\"SearchAction\",\"target\":{\"@type\":\"EntryPoint\",\"urlTemplate\":\"https:\\\/\\\/wilgart.dk\\\/en\\\/?s={search_term_string}\"},\"query-input\":{\"@type\":\"PropertyValueSpecification\",\"valueRequired\":true,\"valueName\":\"search_term_string\"}}],\"inLanguage\":\"en-US\"},{\"@type\":\"Organization\",\"@id\":\"https:\\\/\\\/wilgart.dk\\\/en\\\/#organization\",\"name\":\"Wilgart - H\u00e5ndlavet Dansk Hovedt\u00f8j\",\"url\":\"https:\\\/\\\/wilgart.dk\\\/en\\\/\",\"logo\":{\"@type\":\"ImageObject\",\"inLanguage\":\"en-US\",\"@id\":\"https:\\\/\\\/wilgart.dk\\\/en\\\/#\\\/schema\\\/logo\\\/image\\\/\",\"url\":\"https:\\\/\\\/wilgart.dk\\\/wp-content\\\/uploads\\\/2016\\\/01\\\/wilgart-logo-illustration-site-icon.png\",\"contentUrl\":\"https:\\\/\\\/wilgart.dk\\\/wp-content\\\/uploads\\\/2016\\\/01\\\/wilgart-logo-illustration-site-icon.png\",\"width\":512,\"height\":512,\"caption\":\"Wilgart - H\u00e5ndlavet Dansk Hovedt\u00f8j\"},\"image\":{\"@id\":\"https:\\\/\\\/wilgart.dk\\\/en\\\/#\\\/schema\\\/logo\\\/image\\\/\"},\"sameAs\":[\"https:\\\/\\\/www.facebook.com\\\/WILGART\\\/\",\"https:\\\/\\\/www.instagram.com\\\/wilgart\\\/\",\"https:\\\/\\\/www.linkedin.com\\\/in\\\/wilgart\\\/\",\"https:\\\/\\\/www.youtube.com\\\/channel\\\/UCL6mFLtfkJZb3uYzCukGzjQ\"]}]}<\/script>\n<!-- \/ Yoast SEO plugin. -->","yoast_head_json":{"title":"Captain Skipper cap (blue wool) - Wilgart","description":"H\u00e5ndlavet Dansk Hovedbekl\u00e6dning. Hatte og kasketter fra K\u00f8benhavn. Alle st\u00f8rrelser til r\u00e5dighed, og kasketter laves efter m\u00e5l. Sixpence, Basecaps, Flatcaps, Newsboy caps, Sailorcaps, v\u00e6rkt\u00f8j til vedligeholdelse samt l\u00e6der tilbeh\u00f8r m.m. Skr\u00e6ddersyet - Kun til dig","robots":{"index":"index","follow":"follow","max-snippet":"max-snippet:-1","max-image-preview":"max-image-preview:large","max-video-preview":"max-video-preview:-1"},"canonical":"https:\/\/wilgart.dk\/en\/shop\/early-days-look\/captain-skipper-cap-blue-wool\/","og_locale":"en_US","og_type":"article","og_title":"Captain Skipper cap (blue wool) - Wilgart","og_description":"H\u00e5ndlavet Dansk Hovedbekl\u00e6dning. Hatte og kasketter fra K\u00f8benhavn. Alle st\u00f8rrelser til r\u00e5dighed, og kasketter laves efter m\u00e5l. Sixpence, Basecaps, Flatcaps, Newsboy caps, Sailorcaps, v\u00e6rkt\u00f8j til vedligeholdelse samt l\u00e6der tilbeh\u00f8r m.m. Skr\u00e6ddersyet - Kun til dig","og_url":"https:\/\/wilgart.dk\/en\/shop\/early-days-look\/captain-skipper-cap-blue-wool\/","og_site_name":"Wilgart","article_publisher":"https:\/\/www.facebook.com\/WILGART\/","article_modified_time":"2025-02-14T11:58:25+00:00","og_image":[{"width":1200,"height":800,"url":"https:\/\/wilgart.dk\/wp-content\/uploads\/2019\/11\/IMG_0958.jpg","type":"image\/jpeg"}],"twitter_card":"summary_large_image","schema":{"@context":"https:\/\/schema.org","@graph":[{"@type":["WebPage","ItemPage"],"@id":"https:\/\/wilgart.dk\/en\/shop\/early-days-look\/captain-skipper-cap-blue-wool\/","url":"https:\/\/wilgart.dk\/en\/shop\/early-days-look\/captain-skipper-cap-blue-wool\/","name":"Captain Skipper cap (blue wool) - Wilgart","isPartOf":{"@id":"https:\/\/wilgart.dk\/en\/#website"},"primaryImageOfPage":{"@id":"https:\/\/wilgart.dk\/en\/shop\/early-days-look\/captain-skipper-cap-blue-wool\/#primaryimage"},"image":{"@id":"https:\/\/wilgart.dk\/en\/shop\/early-days-look\/captain-skipper-cap-blue-wool\/#primaryimage"},"thumbnailUrl":"https:\/\/wilgart.dk\/wp-content\/uploads\/2019\/11\/IMG_0958.jpg","datePublished":"2019-11-25T14:20:33+00:00","dateModified":"2025-02-14T11:58:25+00:00","description":"H\u00e5ndlavet Dansk Hovedbekl\u00e6dning. Hatte og kasketter fra K\u00f8benhavn. Alle st\u00f8rrelser til r\u00e5dighed, og kasketter laves efter m\u00e5l. Sixpence, Basecaps, Flatcaps, Newsboy caps, Sailorcaps, v\u00e6rkt\u00f8j til vedligeholdelse samt l\u00e6der tilbeh\u00f8r m.m. Skr\u00e6ddersyet - Kun til dig","breadcrumb":{"@id":"https:\/\/wilgart.dk\/en\/shop\/early-days-look\/captain-skipper-cap-blue-wool\/#breadcrumb"},"inLanguage":"en-US","potentialAction":[{"@type":"ReadAction","target":["https:\/\/wilgart.dk\/en\/shop\/early-days-look\/captain-skipper-cap-blue-wool\/"]}]},{"@type":"ImageObject","inLanguage":"en-US","@id":"https:\/\/wilgart.dk\/en\/shop\/early-days-look\/captain-skipper-cap-blue-wool\/#primaryimage","url":"https:\/\/wilgart.dk\/wp-content\/uploads\/2019\/11\/IMG_0958.jpg","contentUrl":"https:\/\/wilgart.dk\/wp-content\/uploads\/2019\/11\/IMG_0958.jpg","width":1200,"height":800},{"@type":"BreadcrumbList","@id":"https:\/\/wilgart.dk\/en\/shop\/early-days-look\/captain-skipper-cap-blue-wool\/#breadcrumb","itemListElement":[{"@type":"ListItem","position":1,"name":"Hjem","item":"https:\/\/wilgart.dk\/en\/"},{"@type":"ListItem","position":2,"name":"Shop","item":"https:\/\/wilgart.dk\/en\/shop\/"},{"@type":"ListItem","position":3,"name":"Captain Skipper cap (blue wool)"}]},{"@type":"WebSite","@id":"https:\/\/wilgart.dk\/en\/#website","url":"https:\/\/wilgart.dk\/en\/","name":"Wilgart","description":"H\u00e5ndlavet Dansk Hovedt\u00f8j","publisher":{"@id":"https:\/\/wilgart.dk\/en\/#organization"},"potentialAction":[{"@type":"SearchAction","target":{"@type":"EntryPoint","urlTemplate":"https:\/\/wilgart.dk\/en\/?s={search_term_string}"},"query-input":{"@type":"PropertyValueSpecification","valueRequired":true,"valueName":"search_term_string"}}],"inLanguage":"en-US"},{"@type":"Organization","@id":"https:\/\/wilgart.dk\/en\/#organization","name":"Wilgart - H\u00e5ndlavet Dansk Hovedt\u00f8j","url":"https:\/\/wilgart.dk\/en\/","logo":{"@type":"ImageObject","inLanguage":"en-US","@id":"https:\/\/wilgart.dk\/en\/#\/schema\/logo\/image\/","url":"https:\/\/wilgart.dk\/wp-content\/uploads\/2016\/01\/wilgart-logo-illustration-site-icon.png","contentUrl":"https:\/\/wilgart.dk\/wp-content\/uploads\/2016\/01\/wilgart-logo-illustration-site-icon.png","width":512,"height":512,"caption":"Wilgart - H\u00e5ndlavet Dansk Hovedt\u00f8j"},"image":{"@id":"https:\/\/wilgart.dk\/en\/#\/schema\/logo\/image\/"},"sameAs":["https:\/\/www.facebook.com\/WILGART\/","https:\/\/www.instagram.com\/wilgart\/","https:\/\/www.linkedin.com\/in\/wilgart\/","https:\/\/www.youtube.com\/channel\/UCL6mFLtfkJZb3uYzCukGzjQ"]}]}},"_links":{"self":[{"href":"https:\/\/wilgart.dk\/en\/wp-json\/wp\/v2\/product\/34196","targetHints":{"allow":["GET"]}}],"collection":[{"href":"https:\/\/wilgart.dk\/en\/wp-json\/wp\/v2\/product"}],"about":[{"href":"https:\/\/wilgart.dk\/en\/wp-json\/wp\/v2\/types\/product"}],"replies":[{"embeddable":true,"href":"https:\/\/wilgart.dk\/en\/wp-json\/wp\/v2\/comments?post=34196"}],"wp:featuredmedia":[{"embeddable":true,"href":"https:\/\/wilgart.dk\/en\/wp-json\/wp\/v2\/media\/31983"}],"wp:attachment":[{"href":"https:\/\/wilgart.dk\/en\/wp-json\/wp\/v2\/media?parent=34196"}],"wp:term":[{"taxonomy":"product_brand","embeddable":true,"href":"https:\/\/wilgart.dk\/en\/wp-json\/wp\/v2\/product_brand?post=34196"},{"taxonomy":"product_cat","embeddable":true,"href":"https:\/\/wilgart.dk\/en\/wp-json\/wp\/v2\/product_cat?post=34196"},{"taxonomy":"product_tag","embeddable":true,"href":"https:\/\/wilgart.dk\/en\/wp-json\/wp\/v2\/product_tag?post=34196"}],"curies":[{"name":"wp","href":"https:\/\/api.w.org\/{rel}","templated":true}]}}