{"id":33840,"date":"2021-03-17T11:12:13","date_gmt":"2021-03-17T09:12:13","guid":{"rendered":"https:\/\/wilgart.dk\/shop\/uncategorized\/shaving-kit-in-gift-box\/"},"modified":"2025-10-31T17:07:24","modified_gmt":"2025-10-31T15:07:24","slug":"shavekit-in-giftbox","status":"publish","type":"product","link":"https:\/\/wilgart.dk\/en\/shop\/shaving-gear\/shavekit-in-giftbox\/","title":{"rendered":"Shaving kit in gift box"},"content":{"rendered":"<p>The perfect gift for the man who wants to transform shaving into a nice ritual act that calms the mind and creates well-being for him.<\/p>\n<p>The gift box comes with the <a href=\"https:\/\/wilgart.dk\/shop\/barbergrej\/barberskraber-r89\/\">razor R89<\/a>, the good <a href=\"https:\/\/wilgart.dk\/shop\/barbergrej\/barberkost-vegansk\/\">Shaving Brush in thermowood<\/a>, and not least a nice stand that everything can hang on. If necessary, buy soap and\/or cloths to complete the set. But it may also be the reciever is having these paraphernalia in his or her own home allready. Read our guides on shaving in the tabs below in this page.<\/p>\n<p>O.B.S. If you want the set to be accompanied by Wilgart&#8217;s <a href=\"https:\/\/wilgart.dk\/shop\/barbergrej\/luksus-barberkost-i-moseeg\/\">Luxury shaving diet in bog oak<\/a> , you can choose the set&#8217;s individual parts (<a href=\"https:\/\/wilgart.dk\/shop\/barbergrej\/stativ-til-barberkost-skraber\/\">Tripod<\/a>, <a href=\"https:\/\/wilgart.dk\/shop\/barbergrej\/barberskraber-r89\/\">Razor<\/a>, <a href=\"https:\/\/wilgart.dk\/shop\/barbergrej\/traeskaal-til-barbersaebe\/\">Soap dish &amp;<\/a> <a href=\"https:\/\/wilgart.dk\/shop\/barbergrej\/luksus-barberkost-i-moseeg\/\">Luxury shaving broom<\/a>), and finally add gift wrapping in box during checkout.<\/p>\n<p>We also recommend the accessory<\/p>\n<ul>\n<li><a href=\"https:\/\/wilgart.dk\/shop\/barbergrej\/renseboerste-til-skraber\/\">Razor cleaning brush<\/a><\/li>\n<li><a href=\"https:\/\/wilgart.dk\/shop\/barbergrej\/traditionel-barbersaebe\/\">Shaving soap<\/a> from Isangs<\/li>\n<li><a href=\"https:\/\/wilgart.dk\/shop\/barbergrej\/bomuldsklud\/\">Cotton cloth<\/a><\/li>\n<\/ul>\n<p>You need a lot of clean cloths for old-fashioned traditional shaving.<\/p>\n<p>&nbsp;<\/p>\n","protected":false},"excerpt":{"rendered":"<p>A nice shaving kit in a gift box. Contains 3 items: Shaving broom with synthetic fibres and thermo wood Chromed tripod to store the shaving utensils M\u00fchle scraper R89 Solid gift for man as a woman who wants to get&hellip;<\/p>\n","protected":false},"featured_media":33487,"comment_status":"open","ping_status":"closed","template":"","meta":{"episode_type":"","audio_file":"","podmotor_file_id":"","podmotor_episode_id":"","cover_image":"","cover_image_id":"","duration":"","filesize":"","filesize_raw":"","date_recorded":"","explicit":"","block":"","itunes_episode_number":"","itunes_title":"","itunes_season_number":"","itunes_episode_type":""},"product_brand":[],"product_cat":[373],"product_tag":[],"class_list":{"0":"post-33840","1":"product","2":"type-product","3":"status-publish","4":"has-post-thumbnail","6":"product_cat-shaving-gear","8":"first","9":"instock","10":"taxable","11":"shipping-taxable","12":"purchasable","13":"product-type-variable","14":"wpzoom-wc-spi-has-enabled","15":"wcspt-has-gallery","16":"thumb-no-effect","17":"prod-rating-on","18":"prod-has-rating"},"yoast_head":"<!-- This site is optimized with the Yoast SEO plugin v27.5 - https:\/\/yoast.com\/product\/yoast-seo-wordpress\/ -->\n<title>Shaving kit in gift box - Wilgart<\/title>\n<meta name=\"description\" content=\"H\u00e5ndlavet Dansk Hovedbekl\u00e6dning. Hatte og kasketter fra K\u00f8benhavn. Alle st\u00f8rrelser til r\u00e5dighed, og kasketter laves efter m\u00e5l. Sixpence, Basecaps, Flatcaps, Newsboy caps, Sailorcaps, v\u00e6rkt\u00f8j til vedligeholdelse samt l\u00e6der tilbeh\u00f8r m.m. Skr\u00e6ddersyet - Kun til dig\" \/>\n<meta name=\"robots\" content=\"index, follow, max-snippet:-1, max-image-preview:large, max-video-preview:-1\" \/>\n<link rel=\"canonical\" href=\"https:\/\/wilgart.dk\/en\/shop\/shaving-gear\/shavekit-in-giftbox\/\" \/>\n<meta property=\"og:locale\" content=\"en_US\" \/>\n<meta property=\"og:type\" content=\"article\" \/>\n<meta property=\"og:title\" content=\"Shaving kit in gift box - Wilgart\" \/>\n<meta property=\"og:description\" content=\"H\u00e5ndlavet Dansk Hovedbekl\u00e6dning. Hatte og kasketter fra K\u00f8benhavn. Alle st\u00f8rrelser til r\u00e5dighed, og kasketter laves efter m\u00e5l. Sixpence, Basecaps, Flatcaps, Newsboy caps, Sailorcaps, v\u00e6rkt\u00f8j til vedligeholdelse samt l\u00e6der tilbeh\u00f8r m.m. Skr\u00e6ddersyet - Kun til dig\" \/>\n<meta property=\"og:url\" content=\"https:\/\/wilgart.dk\/en\/shop\/shaving-gear\/shavekit-in-giftbox\/\" \/>\n<meta property=\"og:site_name\" content=\"Wilgart\" \/>\n<meta property=\"article:publisher\" content=\"https:\/\/www.facebook.com\/WILGART\/\" \/>\n<meta property=\"article:modified_time\" content=\"2025-10-31T15:07:24+00:00\" \/>\n<meta property=\"og:image\" content=\"https:\/\/wilgart.dk\/wp-content\/uploads\/2021\/03\/Wilgart-barbering-saet.jpg\" \/>\n\t<meta property=\"og:image:width\" content=\"1200\" \/>\n\t<meta property=\"og:image:height\" content=\"800\" \/>\n\t<meta property=\"og:image:type\" content=\"image\/jpeg\" \/>\n<meta name=\"twitter:card\" content=\"summary_large_image\" \/>\n<meta name=\"twitter:label1\" content=\"Est. reading time\" \/>\n\t<meta name=\"twitter:data1\" content=\"1 minute\" \/>\n<script type=\"application\/ld+json\" class=\"yoast-schema-graph\">{\"@context\":\"https:\\\/\\\/schema.org\",\"@graph\":[{\"@type\":[\"WebPage\",\"ItemPage\"],\"@id\":\"https:\\\/\\\/wilgart.dk\\\/en\\\/shop\\\/shaving-gear\\\/shavekit-in-giftbox\\\/\",\"url\":\"https:\\\/\\\/wilgart.dk\\\/en\\\/shop\\\/shaving-gear\\\/shavekit-in-giftbox\\\/\",\"name\":\"Shaving kit in gift box - Wilgart\",\"isPartOf\":{\"@id\":\"https:\\\/\\\/wilgart.dk\\\/en\\\/#website\"},\"primaryImageOfPage\":{\"@id\":\"https:\\\/\\\/wilgart.dk\\\/en\\\/shop\\\/shaving-gear\\\/shavekit-in-giftbox\\\/#primaryimage\"},\"image\":{\"@id\":\"https:\\\/\\\/wilgart.dk\\\/en\\\/shop\\\/shaving-gear\\\/shavekit-in-giftbox\\\/#primaryimage\"},\"thumbnailUrl\":\"https:\\\/\\\/wilgart.dk\\\/wp-content\\\/uploads\\\/2021\\\/03\\\/Wilgart-barbering-saet.jpg\",\"datePublished\":\"2021-03-17T09:12:13+00:00\",\"dateModified\":\"2025-10-31T15:07:24+00:00\",\"description\":\"H\u00e5ndlavet Dansk Hovedbekl\u00e6dning. Hatte og kasketter fra K\u00f8benhavn. Alle st\u00f8rrelser til r\u00e5dighed, og kasketter laves efter m\u00e5l. Sixpence, Basecaps, Flatcaps, Newsboy caps, Sailorcaps, v\u00e6rkt\u00f8j til vedligeholdelse samt l\u00e6der tilbeh\u00f8r m.m. Skr\u00e6ddersyet - Kun til dig\",\"breadcrumb\":{\"@id\":\"https:\\\/\\\/wilgart.dk\\\/en\\\/shop\\\/shaving-gear\\\/shavekit-in-giftbox\\\/#breadcrumb\"},\"inLanguage\":\"en-US\",\"potentialAction\":[{\"@type\":\"ReadAction\",\"target\":[\"https:\\\/\\\/wilgart.dk\\\/en\\\/shop\\\/shaving-gear\\\/shavekit-in-giftbox\\\/\"]}]},{\"@type\":\"ImageObject\",\"inLanguage\":\"en-US\",\"@id\":\"https:\\\/\\\/wilgart.dk\\\/en\\\/shop\\\/shaving-gear\\\/shavekit-in-giftbox\\\/#primaryimage\",\"url\":\"https:\\\/\\\/wilgart.dk\\\/wp-content\\\/uploads\\\/2021\\\/03\\\/Wilgart-barbering-saet.jpg\",\"contentUrl\":\"https:\\\/\\\/wilgart.dk\\\/wp-content\\\/uploads\\\/2021\\\/03\\\/Wilgart-barbering-saet.jpg\",\"width\":1200,\"height\":800},{\"@type\":\"BreadcrumbList\",\"@id\":\"https:\\\/\\\/wilgart.dk\\\/en\\\/shop\\\/shaving-gear\\\/shavekit-in-giftbox\\\/#breadcrumb\",\"itemListElement\":[{\"@type\":\"ListItem\",\"position\":1,\"name\":\"Hjem\",\"item\":\"https:\\\/\\\/wilgart.dk\\\/en\\\/\"},{\"@type\":\"ListItem\",\"position\":2,\"name\":\"Shop\",\"item\":\"https:\\\/\\\/wilgart.dk\\\/en\\\/shop\\\/\"},{\"@type\":\"ListItem\",\"position\":3,\"name\":\"Shaving kit in gift box\"}]},{\"@type\":\"WebSite\",\"@id\":\"https:\\\/\\\/wilgart.dk\\\/en\\\/#website\",\"url\":\"https:\\\/\\\/wilgart.dk\\\/en\\\/\",\"name\":\"Wilgart\",\"description\":\"H\u00e5ndlavet Dansk Hovedt\u00f8j\",\"publisher\":{\"@id\":\"https:\\\/\\\/wilgart.dk\\\/en\\\/#organization\"},\"potentialAction\":[{\"@type\":\"SearchAction\",\"target\":{\"@type\":\"EntryPoint\",\"urlTemplate\":\"https:\\\/\\\/wilgart.dk\\\/en\\\/?s={search_term_string}\"},\"query-input\":{\"@type\":\"PropertyValueSpecification\",\"valueRequired\":true,\"valueName\":\"search_term_string\"}}],\"inLanguage\":\"en-US\"},{\"@type\":\"Organization\",\"@id\":\"https:\\\/\\\/wilgart.dk\\\/en\\\/#organization\",\"name\":\"Wilgart - H\u00e5ndlavet Dansk Hovedt\u00f8j\",\"url\":\"https:\\\/\\\/wilgart.dk\\\/en\\\/\",\"logo\":{\"@type\":\"ImageObject\",\"inLanguage\":\"en-US\",\"@id\":\"https:\\\/\\\/wilgart.dk\\\/en\\\/#\\\/schema\\\/logo\\\/image\\\/\",\"url\":\"https:\\\/\\\/wilgart.dk\\\/wp-content\\\/uploads\\\/2016\\\/01\\\/wilgart-logo-illustration-site-icon.png\",\"contentUrl\":\"https:\\\/\\\/wilgart.dk\\\/wp-content\\\/uploads\\\/2016\\\/01\\\/wilgart-logo-illustration-site-icon.png\",\"width\":512,\"height\":512,\"caption\":\"Wilgart - H\u00e5ndlavet Dansk Hovedt\u00f8j\"},\"image\":{\"@id\":\"https:\\\/\\\/wilgart.dk\\\/en\\\/#\\\/schema\\\/logo\\\/image\\\/\"},\"sameAs\":[\"https:\\\/\\\/www.facebook.com\\\/WILGART\\\/\",\"https:\\\/\\\/www.instagram.com\\\/wilgart\\\/\",\"https:\\\/\\\/www.linkedin.com\\\/in\\\/wilgart\\\/\",\"https:\\\/\\\/www.youtube.com\\\/channel\\\/UCL6mFLtfkJZb3uYzCukGzjQ\"]}]}<\/script>\n<!-- \/ Yoast SEO plugin. -->","yoast_head_json":{"title":"Shaving kit in gift box - Wilgart","description":"H\u00e5ndlavet Dansk Hovedbekl\u00e6dning. Hatte og kasketter fra K\u00f8benhavn. Alle st\u00f8rrelser til r\u00e5dighed, og kasketter laves efter m\u00e5l. Sixpence, Basecaps, Flatcaps, Newsboy caps, Sailorcaps, v\u00e6rkt\u00f8j til vedligeholdelse samt l\u00e6der tilbeh\u00f8r m.m. Skr\u00e6ddersyet - Kun til dig","robots":{"index":"index","follow":"follow","max-snippet":"max-snippet:-1","max-image-preview":"max-image-preview:large","max-video-preview":"max-video-preview:-1"},"canonical":"https:\/\/wilgart.dk\/en\/shop\/shaving-gear\/shavekit-in-giftbox\/","og_locale":"en_US","og_type":"article","og_title":"Shaving kit in gift box - Wilgart","og_description":"H\u00e5ndlavet Dansk Hovedbekl\u00e6dning. Hatte og kasketter fra K\u00f8benhavn. Alle st\u00f8rrelser til r\u00e5dighed, og kasketter laves efter m\u00e5l. Sixpence, Basecaps, Flatcaps, Newsboy caps, Sailorcaps, v\u00e6rkt\u00f8j til vedligeholdelse samt l\u00e6der tilbeh\u00f8r m.m. Skr\u00e6ddersyet - Kun til dig","og_url":"https:\/\/wilgart.dk\/en\/shop\/shaving-gear\/shavekit-in-giftbox\/","og_site_name":"Wilgart","article_publisher":"https:\/\/www.facebook.com\/WILGART\/","article_modified_time":"2025-10-31T15:07:24+00:00","og_image":[{"width":1200,"height":800,"url":"https:\/\/wilgart.dk\/wp-content\/uploads\/2021\/03\/Wilgart-barbering-saet.jpg","type":"image\/jpeg"}],"twitter_card":"summary_large_image","twitter_misc":{"Est. reading time":"1 minute"},"schema":{"@context":"https:\/\/schema.org","@graph":[{"@type":["WebPage","ItemPage"],"@id":"https:\/\/wilgart.dk\/en\/shop\/shaving-gear\/shavekit-in-giftbox\/","url":"https:\/\/wilgart.dk\/en\/shop\/shaving-gear\/shavekit-in-giftbox\/","name":"Shaving kit in gift box - Wilgart","isPartOf":{"@id":"https:\/\/wilgart.dk\/en\/#website"},"primaryImageOfPage":{"@id":"https:\/\/wilgart.dk\/en\/shop\/shaving-gear\/shavekit-in-giftbox\/#primaryimage"},"image":{"@id":"https:\/\/wilgart.dk\/en\/shop\/shaving-gear\/shavekit-in-giftbox\/#primaryimage"},"thumbnailUrl":"https:\/\/wilgart.dk\/wp-content\/uploads\/2021\/03\/Wilgart-barbering-saet.jpg","datePublished":"2021-03-17T09:12:13+00:00","dateModified":"2025-10-31T15:07:24+00:00","description":"H\u00e5ndlavet Dansk Hovedbekl\u00e6dning. Hatte og kasketter fra K\u00f8benhavn. Alle st\u00f8rrelser til r\u00e5dighed, og kasketter laves efter m\u00e5l. Sixpence, Basecaps, Flatcaps, Newsboy caps, Sailorcaps, v\u00e6rkt\u00f8j til vedligeholdelse samt l\u00e6der tilbeh\u00f8r m.m. Skr\u00e6ddersyet - Kun til dig","breadcrumb":{"@id":"https:\/\/wilgart.dk\/en\/shop\/shaving-gear\/shavekit-in-giftbox\/#breadcrumb"},"inLanguage":"en-US","potentialAction":[{"@type":"ReadAction","target":["https:\/\/wilgart.dk\/en\/shop\/shaving-gear\/shavekit-in-giftbox\/"]}]},{"@type":"ImageObject","inLanguage":"en-US","@id":"https:\/\/wilgart.dk\/en\/shop\/shaving-gear\/shavekit-in-giftbox\/#primaryimage","url":"https:\/\/wilgart.dk\/wp-content\/uploads\/2021\/03\/Wilgart-barbering-saet.jpg","contentUrl":"https:\/\/wilgart.dk\/wp-content\/uploads\/2021\/03\/Wilgart-barbering-saet.jpg","width":1200,"height":800},{"@type":"BreadcrumbList","@id":"https:\/\/wilgart.dk\/en\/shop\/shaving-gear\/shavekit-in-giftbox\/#breadcrumb","itemListElement":[{"@type":"ListItem","position":1,"name":"Hjem","item":"https:\/\/wilgart.dk\/en\/"},{"@type":"ListItem","position":2,"name":"Shop","item":"https:\/\/wilgart.dk\/en\/shop\/"},{"@type":"ListItem","position":3,"name":"Shaving kit in gift box"}]},{"@type":"WebSite","@id":"https:\/\/wilgart.dk\/en\/#website","url":"https:\/\/wilgart.dk\/en\/","name":"Wilgart","description":"H\u00e5ndlavet Dansk Hovedt\u00f8j","publisher":{"@id":"https:\/\/wilgart.dk\/en\/#organization"},"potentialAction":[{"@type":"SearchAction","target":{"@type":"EntryPoint","urlTemplate":"https:\/\/wilgart.dk\/en\/?s={search_term_string}"},"query-input":{"@type":"PropertyValueSpecification","valueRequired":true,"valueName":"search_term_string"}}],"inLanguage":"en-US"},{"@type":"Organization","@id":"https:\/\/wilgart.dk\/en\/#organization","name":"Wilgart - H\u00e5ndlavet Dansk Hovedt\u00f8j","url":"https:\/\/wilgart.dk\/en\/","logo":{"@type":"ImageObject","inLanguage":"en-US","@id":"https:\/\/wilgart.dk\/en\/#\/schema\/logo\/image\/","url":"https:\/\/wilgart.dk\/wp-content\/uploads\/2016\/01\/wilgart-logo-illustration-site-icon.png","contentUrl":"https:\/\/wilgart.dk\/wp-content\/uploads\/2016\/01\/wilgart-logo-illustration-site-icon.png","width":512,"height":512,"caption":"Wilgart - H\u00e5ndlavet Dansk Hovedt\u00f8j"},"image":{"@id":"https:\/\/wilgart.dk\/en\/#\/schema\/logo\/image\/"},"sameAs":["https:\/\/www.facebook.com\/WILGART\/","https:\/\/www.instagram.com\/wilgart\/","https:\/\/www.linkedin.com\/in\/wilgart\/","https:\/\/www.youtube.com\/channel\/UCL6mFLtfkJZb3uYzCukGzjQ"]}]}},"_links":{"self":[{"href":"https:\/\/wilgart.dk\/en\/wp-json\/wp\/v2\/product\/33840","targetHints":{"allow":["GET"]}}],"collection":[{"href":"https:\/\/wilgart.dk\/en\/wp-json\/wp\/v2\/product"}],"about":[{"href":"https:\/\/wilgart.dk\/en\/wp-json\/wp\/v2\/types\/product"}],"replies":[{"embeddable":true,"href":"https:\/\/wilgart.dk\/en\/wp-json\/wp\/v2\/comments?post=33840"}],"wp:featuredmedia":[{"embeddable":true,"href":"https:\/\/wilgart.dk\/en\/wp-json\/wp\/v2\/media\/33487"}],"wp:attachment":[{"href":"https:\/\/wilgart.dk\/en\/wp-json\/wp\/v2\/media?parent=33840"}],"wp:term":[{"taxonomy":"product_brand","embeddable":true,"href":"https:\/\/wilgart.dk\/en\/wp-json\/wp\/v2\/product_brand?post=33840"},{"taxonomy":"product_cat","embeddable":true,"href":"https:\/\/wilgart.dk\/en\/wp-json\/wp\/v2\/product_cat?post=33840"},{"taxonomy":"product_tag","embeddable":true,"href":"https:\/\/wilgart.dk\/en\/wp-json\/wp\/v2\/product_tag?post=33840"}],"curies":[{"name":"wp","href":"https:\/\/api.w.org\/{rel}","templated":true}]}}