{"id":30811,"date":"2020-08-20T20:53:52","date_gmt":"2020-08-20T18:53:52","guid":{"rendered":"https:\/\/wilgart.dk\/?post_type=product&#038;p=30811"},"modified":"2022-01-18T13:13:14","modified_gmt":"2022-01-18T11:13:14","slug":"magma-willy-flatcap","status":"publish","type":"product","link":"https:\/\/wilgart.dk\/en\/shop\/flatcap\/magma-willy-flatcap\/","title":{"rendered":"Magma Willy flatcap"},"content":{"rendered":"<p>This flatcap is a true classic. The drivers cap is made in Herringbone woven pure new wool cloth, perfect for cruising old or new cabriolet cars. This piece of headwear will suit any driver rooling two or more wheels.<\/p>\n","protected":false},"excerpt":{"rendered":"<p>100% Wool Quilted lining Red &amp; Black Herringbone weave Handmade by Master Bullmann in Germany This narrow and fast looking piece of flatcap is made from colorfull insulating sheep wool. The herringbone woven wool will keep its color<\/p>\n","protected":false},"featured_media":30834,"comment_status":"open","ping_status":"closed","template":"","meta":{"episode_type":"","audio_file":"","podmotor_file_id":"","podmotor_episode_id":"","cover_image":"","cover_image_id":"","duration":"","filesize":"","filesize_raw":"","date_recorded":"","explicit":"","block":"","itunes_episode_number":"","itunes_title":"","itunes_season_number":"","itunes_episode_type":""},"product_brand":[],"product_cat":[47,144,201],"product_tag":[],"class_list":{"0":"post-30811","1":"product","2":"type-product","3":"status-publish","4":"has-post-thumbnail","6":"product_cat-flatcap","7":"product_cat-uncategorized","8":"product_cat-zettle-en","9":"pa_fabric-wool","10":"pa_lining-quilted-lining","12":"first","13":"instock","14":"taxable","15":"shipping-taxable","16":"purchasable","17":"product-type-variable","18":"wpzoom-wc-spi-has-enabled","19":"wcspt-has-gallery","20":"thumb-no-effect","21":"prod-rating-on","22":"prod-has-rating"},"yoast_head":"<!-- This site is optimized with the Yoast SEO plugin v27.5 - https:\/\/yoast.com\/product\/yoast-seo-wordpress\/ -->\n<title>Magma Willy flatcap - Wilgart<\/title>\n<meta name=\"description\" content=\"H\u00e5ndlavet Dansk Hovedbekl\u00e6dning. Hatte og kasketter fra K\u00f8benhavn. Alle st\u00f8rrelser til r\u00e5dighed, og kasketter laves efter m\u00e5l. Sixpence, Basecaps, Flatcaps, Newsboy caps, Sailorcaps, v\u00e6rkt\u00f8j til vedligeholdelse samt l\u00e6der tilbeh\u00f8r m.m. Skr\u00e6ddersyet - Kun til dig\" \/>\n<meta name=\"robots\" content=\"index, follow, max-snippet:-1, max-image-preview:large, max-video-preview:-1\" \/>\n<link rel=\"canonical\" href=\"https:\/\/wilgart.dk\/en\/shop\/flatcap\/magma-willy-flatcap\/\" \/>\n<meta property=\"og:locale\" content=\"en_US\" \/>\n<meta property=\"og:type\" content=\"article\" \/>\n<meta property=\"og:title\" content=\"Magma Willy flatcap - Wilgart\" \/>\n<meta property=\"og:description\" content=\"H\u00e5ndlavet Dansk Hovedbekl\u00e6dning. Hatte og kasketter fra K\u00f8benhavn. Alle st\u00f8rrelser til r\u00e5dighed, og kasketter laves efter m\u00e5l. Sixpence, Basecaps, Flatcaps, Newsboy caps, Sailorcaps, v\u00e6rkt\u00f8j til vedligeholdelse samt l\u00e6der tilbeh\u00f8r m.m. Skr\u00e6ddersyet - Kun til dig\" \/>\n<meta property=\"og:url\" content=\"https:\/\/wilgart.dk\/en\/shop\/flatcap\/magma-willy-flatcap\/\" \/>\n<meta property=\"og:site_name\" content=\"Wilgart\" \/>\n<meta property=\"article:publisher\" content=\"https:\/\/www.facebook.com\/WILGART\/\" \/>\n<meta property=\"article:modified_time\" content=\"2022-01-18T11:13:14+00:00\" \/>\n<meta property=\"og:image\" content=\"https:\/\/wilgart.dk\/wp-content\/uploads\/2020\/08\/IMG_0547.jpg\" \/>\n\t<meta property=\"og:image:width\" content=\"1200\" \/>\n\t<meta property=\"og:image:height\" content=\"800\" \/>\n\t<meta property=\"og:image:type\" content=\"image\/jpeg\" \/>\n<meta name=\"twitter:card\" content=\"summary_large_image\" \/>\n<script type=\"application\/ld+json\" class=\"yoast-schema-graph\">{\"@context\":\"https:\\\/\\\/schema.org\",\"@graph\":[{\"@type\":[\"WebPage\",\"ItemPage\"],\"@id\":\"https:\\\/\\\/wilgart.dk\\\/en\\\/shop\\\/flatcap\\\/magma-willy-flatcap\\\/\",\"url\":\"https:\\\/\\\/wilgart.dk\\\/en\\\/shop\\\/flatcap\\\/magma-willy-flatcap\\\/\",\"name\":\"Magma Willy flatcap - Wilgart\",\"isPartOf\":{\"@id\":\"https:\\\/\\\/wilgart.dk\\\/en\\\/#website\"},\"primaryImageOfPage\":{\"@id\":\"https:\\\/\\\/wilgart.dk\\\/en\\\/shop\\\/flatcap\\\/magma-willy-flatcap\\\/#primaryimage\"},\"image\":{\"@id\":\"https:\\\/\\\/wilgart.dk\\\/en\\\/shop\\\/flatcap\\\/magma-willy-flatcap\\\/#primaryimage\"},\"thumbnailUrl\":\"https:\\\/\\\/wilgart.dk\\\/wp-content\\\/uploads\\\/2020\\\/08\\\/IMG_0547.jpg\",\"datePublished\":\"2020-08-20T18:53:52+00:00\",\"dateModified\":\"2022-01-18T11:13:14+00:00\",\"description\":\"H\u00e5ndlavet Dansk Hovedbekl\u00e6dning. Hatte og kasketter fra K\u00f8benhavn. Alle st\u00f8rrelser til r\u00e5dighed, og kasketter laves efter m\u00e5l. Sixpence, Basecaps, Flatcaps, Newsboy caps, Sailorcaps, v\u00e6rkt\u00f8j til vedligeholdelse samt l\u00e6der tilbeh\u00f8r m.m. Skr\u00e6ddersyet - Kun til dig\",\"breadcrumb\":{\"@id\":\"https:\\\/\\\/wilgart.dk\\\/en\\\/shop\\\/flatcap\\\/magma-willy-flatcap\\\/#breadcrumb\"},\"inLanguage\":\"en-US\",\"potentialAction\":[{\"@type\":\"ReadAction\",\"target\":[\"https:\\\/\\\/wilgart.dk\\\/en\\\/shop\\\/flatcap\\\/magma-willy-flatcap\\\/\"]}]},{\"@type\":\"ImageObject\",\"inLanguage\":\"en-US\",\"@id\":\"https:\\\/\\\/wilgart.dk\\\/en\\\/shop\\\/flatcap\\\/magma-willy-flatcap\\\/#primaryimage\",\"url\":\"https:\\\/\\\/wilgart.dk\\\/wp-content\\\/uploads\\\/2020\\\/08\\\/IMG_0547.jpg\",\"contentUrl\":\"https:\\\/\\\/wilgart.dk\\\/wp-content\\\/uploads\\\/2020\\\/08\\\/IMG_0547.jpg\",\"width\":1200,\"height\":800},{\"@type\":\"BreadcrumbList\",\"@id\":\"https:\\\/\\\/wilgart.dk\\\/en\\\/shop\\\/flatcap\\\/magma-willy-flatcap\\\/#breadcrumb\",\"itemListElement\":[{\"@type\":\"ListItem\",\"position\":1,\"name\":\"Hjem\",\"item\":\"https:\\\/\\\/wilgart.dk\\\/en\\\/\"},{\"@type\":\"ListItem\",\"position\":2,\"name\":\"Shop\",\"item\":\"https:\\\/\\\/wilgart.dk\\\/en\\\/shop\\\/\"},{\"@type\":\"ListItem\",\"position\":3,\"name\":\"Magma Willy flatcap\"}]},{\"@type\":\"WebSite\",\"@id\":\"https:\\\/\\\/wilgart.dk\\\/en\\\/#website\",\"url\":\"https:\\\/\\\/wilgart.dk\\\/en\\\/\",\"name\":\"Wilgart\",\"description\":\"H\u00e5ndlavet Dansk Hovedt\u00f8j\",\"publisher\":{\"@id\":\"https:\\\/\\\/wilgart.dk\\\/en\\\/#organization\"},\"potentialAction\":[{\"@type\":\"SearchAction\",\"target\":{\"@type\":\"EntryPoint\",\"urlTemplate\":\"https:\\\/\\\/wilgart.dk\\\/en\\\/?s={search_term_string}\"},\"query-input\":{\"@type\":\"PropertyValueSpecification\",\"valueRequired\":true,\"valueName\":\"search_term_string\"}}],\"inLanguage\":\"en-US\"},{\"@type\":\"Organization\",\"@id\":\"https:\\\/\\\/wilgart.dk\\\/en\\\/#organization\",\"name\":\"Wilgart - H\u00e5ndlavet Dansk Hovedt\u00f8j\",\"url\":\"https:\\\/\\\/wilgart.dk\\\/en\\\/\",\"logo\":{\"@type\":\"ImageObject\",\"inLanguage\":\"en-US\",\"@id\":\"https:\\\/\\\/wilgart.dk\\\/en\\\/#\\\/schema\\\/logo\\\/image\\\/\",\"url\":\"https:\\\/\\\/wilgart.dk\\\/wp-content\\\/uploads\\\/2016\\\/01\\\/wilgart-logo-illustration-site-icon.png\",\"contentUrl\":\"https:\\\/\\\/wilgart.dk\\\/wp-content\\\/uploads\\\/2016\\\/01\\\/wilgart-logo-illustration-site-icon.png\",\"width\":512,\"height\":512,\"caption\":\"Wilgart - H\u00e5ndlavet Dansk Hovedt\u00f8j\"},\"image\":{\"@id\":\"https:\\\/\\\/wilgart.dk\\\/en\\\/#\\\/schema\\\/logo\\\/image\\\/\"},\"sameAs\":[\"https:\\\/\\\/www.facebook.com\\\/WILGART\\\/\",\"https:\\\/\\\/www.instagram.com\\\/wilgart\\\/\",\"https:\\\/\\\/www.linkedin.com\\\/in\\\/wilgart\\\/\",\"https:\\\/\\\/www.youtube.com\\\/channel\\\/UCL6mFLtfkJZb3uYzCukGzjQ\"]}]}<\/script>\n<!-- \/ Yoast SEO plugin. -->","yoast_head_json":{"title":"Magma Willy flatcap - Wilgart","description":"H\u00e5ndlavet Dansk Hovedbekl\u00e6dning. Hatte og kasketter fra K\u00f8benhavn. Alle st\u00f8rrelser til r\u00e5dighed, og kasketter laves efter m\u00e5l. Sixpence, Basecaps, Flatcaps, Newsboy caps, Sailorcaps, v\u00e6rkt\u00f8j til vedligeholdelse samt l\u00e6der tilbeh\u00f8r m.m. Skr\u00e6ddersyet - Kun til dig","robots":{"index":"index","follow":"follow","max-snippet":"max-snippet:-1","max-image-preview":"max-image-preview:large","max-video-preview":"max-video-preview:-1"},"canonical":"https:\/\/wilgart.dk\/en\/shop\/flatcap\/magma-willy-flatcap\/","og_locale":"en_US","og_type":"article","og_title":"Magma Willy flatcap - Wilgart","og_description":"H\u00e5ndlavet Dansk Hovedbekl\u00e6dning. Hatte og kasketter fra K\u00f8benhavn. Alle st\u00f8rrelser til r\u00e5dighed, og kasketter laves efter m\u00e5l. Sixpence, Basecaps, Flatcaps, Newsboy caps, Sailorcaps, v\u00e6rkt\u00f8j til vedligeholdelse samt l\u00e6der tilbeh\u00f8r m.m. Skr\u00e6ddersyet - Kun til dig","og_url":"https:\/\/wilgart.dk\/en\/shop\/flatcap\/magma-willy-flatcap\/","og_site_name":"Wilgart","article_publisher":"https:\/\/www.facebook.com\/WILGART\/","article_modified_time":"2022-01-18T11:13:14+00:00","og_image":[{"width":1200,"height":800,"url":"https:\/\/wilgart.dk\/wp-content\/uploads\/2020\/08\/IMG_0547.jpg","type":"image\/jpeg"}],"twitter_card":"summary_large_image","schema":{"@context":"https:\/\/schema.org","@graph":[{"@type":["WebPage","ItemPage"],"@id":"https:\/\/wilgart.dk\/en\/shop\/flatcap\/magma-willy-flatcap\/","url":"https:\/\/wilgart.dk\/en\/shop\/flatcap\/magma-willy-flatcap\/","name":"Magma Willy flatcap - Wilgart","isPartOf":{"@id":"https:\/\/wilgart.dk\/en\/#website"},"primaryImageOfPage":{"@id":"https:\/\/wilgart.dk\/en\/shop\/flatcap\/magma-willy-flatcap\/#primaryimage"},"image":{"@id":"https:\/\/wilgart.dk\/en\/shop\/flatcap\/magma-willy-flatcap\/#primaryimage"},"thumbnailUrl":"https:\/\/wilgart.dk\/wp-content\/uploads\/2020\/08\/IMG_0547.jpg","datePublished":"2020-08-20T18:53:52+00:00","dateModified":"2022-01-18T11:13:14+00:00","description":"H\u00e5ndlavet Dansk Hovedbekl\u00e6dning. Hatte og kasketter fra K\u00f8benhavn. Alle st\u00f8rrelser til r\u00e5dighed, og kasketter laves efter m\u00e5l. Sixpence, Basecaps, Flatcaps, Newsboy caps, Sailorcaps, v\u00e6rkt\u00f8j til vedligeholdelse samt l\u00e6der tilbeh\u00f8r m.m. Skr\u00e6ddersyet - Kun til dig","breadcrumb":{"@id":"https:\/\/wilgart.dk\/en\/shop\/flatcap\/magma-willy-flatcap\/#breadcrumb"},"inLanguage":"en-US","potentialAction":[{"@type":"ReadAction","target":["https:\/\/wilgart.dk\/en\/shop\/flatcap\/magma-willy-flatcap\/"]}]},{"@type":"ImageObject","inLanguage":"en-US","@id":"https:\/\/wilgart.dk\/en\/shop\/flatcap\/magma-willy-flatcap\/#primaryimage","url":"https:\/\/wilgart.dk\/wp-content\/uploads\/2020\/08\/IMG_0547.jpg","contentUrl":"https:\/\/wilgart.dk\/wp-content\/uploads\/2020\/08\/IMG_0547.jpg","width":1200,"height":800},{"@type":"BreadcrumbList","@id":"https:\/\/wilgart.dk\/en\/shop\/flatcap\/magma-willy-flatcap\/#breadcrumb","itemListElement":[{"@type":"ListItem","position":1,"name":"Hjem","item":"https:\/\/wilgart.dk\/en\/"},{"@type":"ListItem","position":2,"name":"Shop","item":"https:\/\/wilgart.dk\/en\/shop\/"},{"@type":"ListItem","position":3,"name":"Magma Willy flatcap"}]},{"@type":"WebSite","@id":"https:\/\/wilgart.dk\/en\/#website","url":"https:\/\/wilgart.dk\/en\/","name":"Wilgart","description":"H\u00e5ndlavet Dansk Hovedt\u00f8j","publisher":{"@id":"https:\/\/wilgart.dk\/en\/#organization"},"potentialAction":[{"@type":"SearchAction","target":{"@type":"EntryPoint","urlTemplate":"https:\/\/wilgart.dk\/en\/?s={search_term_string}"},"query-input":{"@type":"PropertyValueSpecification","valueRequired":true,"valueName":"search_term_string"}}],"inLanguage":"en-US"},{"@type":"Organization","@id":"https:\/\/wilgart.dk\/en\/#organization","name":"Wilgart - H\u00e5ndlavet Dansk Hovedt\u00f8j","url":"https:\/\/wilgart.dk\/en\/","logo":{"@type":"ImageObject","inLanguage":"en-US","@id":"https:\/\/wilgart.dk\/en\/#\/schema\/logo\/image\/","url":"https:\/\/wilgart.dk\/wp-content\/uploads\/2016\/01\/wilgart-logo-illustration-site-icon.png","contentUrl":"https:\/\/wilgart.dk\/wp-content\/uploads\/2016\/01\/wilgart-logo-illustration-site-icon.png","width":512,"height":512,"caption":"Wilgart - H\u00e5ndlavet Dansk Hovedt\u00f8j"},"image":{"@id":"https:\/\/wilgart.dk\/en\/#\/schema\/logo\/image\/"},"sameAs":["https:\/\/www.facebook.com\/WILGART\/","https:\/\/www.instagram.com\/wilgart\/","https:\/\/www.linkedin.com\/in\/wilgart\/","https:\/\/www.youtube.com\/channel\/UCL6mFLtfkJZb3uYzCukGzjQ"]}]}},"_links":{"self":[{"href":"https:\/\/wilgart.dk\/en\/wp-json\/wp\/v2\/product\/30811","targetHints":{"allow":["GET"]}}],"collection":[{"href":"https:\/\/wilgart.dk\/en\/wp-json\/wp\/v2\/product"}],"about":[{"href":"https:\/\/wilgart.dk\/en\/wp-json\/wp\/v2\/types\/product"}],"replies":[{"embeddable":true,"href":"https:\/\/wilgart.dk\/en\/wp-json\/wp\/v2\/comments?post=30811"}],"wp:featuredmedia":[{"embeddable":true,"href":"https:\/\/wilgart.dk\/en\/wp-json\/wp\/v2\/media\/30834"}],"wp:attachment":[{"href":"https:\/\/wilgart.dk\/en\/wp-json\/wp\/v2\/media?parent=30811"}],"wp:term":[{"taxonomy":"product_brand","embeddable":true,"href":"https:\/\/wilgart.dk\/en\/wp-json\/wp\/v2\/product_brand?post=30811"},{"taxonomy":"product_cat","embeddable":true,"href":"https:\/\/wilgart.dk\/en\/wp-json\/wp\/v2\/product_cat?post=30811"},{"taxonomy":"product_tag","embeddable":true,"href":"https:\/\/wilgart.dk\/en\/wp-json\/wp\/v2\/product_tag?post=30811"}],"curies":[{"name":"wp","href":"https:\/\/api.w.org\/{rel}","templated":true}]}}